{"id":1264,"date":"2023-09-28T11:32:00","date_gmt":"2023-09-28T10:32:00","guid":{"rendered":"https:\/\/app81.dev.madsys.com\/somnins\/qui-som\/"},"modified":"2023-12-19T14:06:47","modified_gmt":"2023-12-19T13:06:47","slug":"quienes-somos","status":"publish","type":"page","link":"https:\/\/somnins.com\/es\/quienes-somos\/","title":{"rendered":"Qui\u00e9nes somos"},"content":{"rendered":"<div class=\"wpb-content-wrapper\"><p>[vc_section][vc_row full_width=\u00bbstretch_row_content\u00bb][vc_column el_class=\u00bbcol-pad-0&#8243;][vc_single_image image=\u00bb522&#8243; img_size=\u00bbfull\u00bb css_animation=\u00bbfadeIn\u00bb el_class=\u00bbimg-portada\u00bb][\/vc_column][\/vc_row][vc_row full_width=\u00bbstretch_row\u00bb][vc_column][vc_empty_space height=\u00bb64px\u00bb][vc_column_text css_animation=\u00bbfadeIn\u00bb]<\/p>\n<h3 style=\"text-align: center;\"><strong>Tu <em>packager<\/em> editorial de confianza<\/strong><\/h3>\n<p>[\/vc_column_text][vc_column_text css_animation=\u00bbfadeIn\u00bb el_class=\u00bbmad-justify\u00bb]Somnins naci\u00f3 a finales de 2010. Desde entonces hemos trabajado codo con codo con nuestros clientes con rigor, creatividad, compromiso y complicidad.<\/p>\n<p>Somos editoras con m\u00e1s de 25 a\u00f1os de experiencia en el sector editorial. La vocaci\u00f3n por la cultura es nuestra raz\u00f3n de ser; por ello, nos rodeamos de los mejores profesionales y editamos con el m\u00e1ximo cuidado todos los proyectos.<\/p>\n<p>La pasi\u00f3n es nuestro motor: nos emocionamos con cada proyecto como si fuera \u00fanico, lo que nos motiva a seguir siempre hacia adelante.<\/p>\n<p>Sin tu colaboraci\u00f3n ni la confianza que depositas en nosotras d\u00eda tras d\u00eda, Somnins no existir\u00eda.[\/vc_column_text][vc_empty_space height=\u00bb64px\u00bb][\/vc_column][\/vc_row][\/vc_section][vc_section el_id=\u00bbmad-galeria-fotos\u00bb][vc_row full_width=\u00bbstretch_row_content\u00bb el_class=\u00bbcol-pad-0&#8243;][vc_column]<div class=\"ult-content-box-container grid-galeria grid-6 galeria-1\" >\t\t<div class=\"ult-content-box\" style=\"box-shadow: px px px px none;-webkit-transition: all 700ms ease;-moz-transition: all 700ms ease;-ms-transition: all 700ms ease;-o-transition: all 700ms ease;transition: all 700ms ease;\"  data-hover_box_shadow=\"none\"    >[vc_single_image image=\u00bb1621&#8243; img_size=\u00bbfull\u00bb css_animation=\u00bbfadeIn\u00bb el_class=\u00bbgaleria-item\u00bb][vc_single_image image=\u00bb536&#8243; img_size=\u00bbfull\u00bb css_animation=\u00bbfadeIn\u00bb el_class=\u00bbgaleria-item\u00bb][vc_single_image image=\u00bb533&#8243; img_size=\u00bbfull\u00bb css_animation=\u00bbfadeIn\u00bb el_class=\u00bbgaleria-item\u00bb]\t\t<\/div><\/div>[\/vc_column][\/vc_row][\/vc_section][vc_section][vc_row][vc_column][vc_empty_space height=\u00bb64px\u00bb][vc_raw_html]JTVCbWFkX2luY2x1ZGVwYWdlJTIwaWQlM0QlMjIxMjI2JTIyJTVE[\/vc_raw_html][\/vc_column][\/vc_row][\/vc_section]<\/p>\n<\/div>","protected":false},"excerpt":{"rendered":"<p>[vc_section][vc_row full_width=\u00bbstretch_row_content\u00bb][vc_column el_class=\u00bbcol-pad-0&#8243;][vc_single_image image=\u00bb522&#8243; img_size=\u00bbfull\u00bb css_animation=\u00bbfadeIn\u00bb el_class=\u00bbimg-portada\u00bb][\/vc_column][\/vc_row][vc_row full_width=\u00bbstretch_row\u00bb][vc_column][vc_empty_space height=\u00bb64px\u00bb][vc_column_text css_animation=\u00bbfadeIn\u00bb] Tu packager editorial de confianza [\/vc_column_text][vc_column_text css_animation=\u00bbfadeIn\u00bb el_class=\u00bbmad-justify\u00bb]Somnins naci\u00f3 a finales de 2010. Desde entonces hemos trabajado codo con codo con nuestros clientes con rigor, creatividad, compromiso y complicidad. Somos editoras con m\u00e1s de 25 a\u00f1os de experiencia en el sector editorial. La vocaci\u00f3n por la cultura es nuestra raz\u00f3n de ser; por ello, nos rodeamos de los mejores profesionales y editamos con el m\u00e1ximo cuidado todos los proyectos. La pasi\u00f3n es nuestro motor: nos emocionamos con cada proyecto como si fuera \u00fanico, lo que nos motiva a seguir siempre &#8230; <a title=\"Qui\u00e9nes somos\" class=\"read-more\" href=\"https:\/\/somnins.com\/es\/quienes-somos\/\" aria-label=\"Leer m\u00e1s sobre Qui\u00e9nes somos\">Leer m\u00e1s<\/a><\/p>\n","protected":false},"author":4,"featured_media":0,"parent":0,"menu_order":0,"comment_status":"closed","ping_status":"closed","template":"","meta":{"footnotes":""},"class_list":["post-1264","page","type-page","status-publish"],"acf":[],"yoast_head":"<!-- This site is optimized with the Yoast SEO plugin v21.9.1 - https:\/\/yoast.com\/wordpress\/plugins\/seo\/ -->\n<title>Qui\u00e9nes somos - Somnins<\/title>\n<meta name=\"description\" content=\"Tu packager editorial de confianza. Somos editoras con m\u00e1s de 25 a\u00f1os de experiencia. La vocaci\u00f3n por la cultura es nuestra raz\u00f3n de ser.\" \/>\n<meta name=\"robots\" content=\"index, follow, max-snippet:-1, max-image-preview:large, max-video-preview:-1\" \/>\n<link rel=\"canonical\" href=\"https:\/\/somnins.com\/es\/quienes-somos\/\" \/>\n<meta property=\"og:locale\" content=\"es_ES\" \/>\n<meta property=\"og:type\" content=\"article\" \/>\n<meta property=\"og:title\" content=\"Qui\u00e9nes somos - Somnins\" \/>\n<meta property=\"og:description\" content=\"Tu packager editorial de confianza. Somos editoras con m\u00e1s de 25 a\u00f1os de experiencia. La vocaci\u00f3n por la cultura es nuestra raz\u00f3n de ser.\" \/>\n<meta property=\"og:url\" content=\"https:\/\/somnins.com\/es\/quienes-somos\/\" \/>\n<meta property=\"og:site_name\" content=\"Somnins\" \/>\n<meta property=\"article:modified_time\" content=\"2023-12-19T13:06:47+00:00\" \/>\n<meta property=\"og:image\" content=\"https:\/\/somnins.com\/wp-content\/uploads\/2023\/09\/logo-somnins.png\" \/>\n\t<meta property=\"og:image:width\" content=\"609\" \/>\n\t<meta property=\"og:image:height\" content=\"317\" \/>\n\t<meta property=\"og:image:type\" content=\"image\/png\" \/>\n<meta name=\"twitter:card\" content=\"summary_large_image\" \/>\n<meta name=\"twitter:site\" content=\"@somnins\" \/>\n<meta name=\"twitter:label1\" content=\"Tiempo de lectura\" \/>\n\t<meta name=\"twitter:data1\" content=\"2 minutos\" \/>\n<script type=\"application\/ld+json\" class=\"yoast-schema-graph\">{\"@context\":\"https:\/\/schema.org\",\"@graph\":[{\"@type\":\"WebPage\",\"@id\":\"https:\/\/somnins.com\/es\/quienes-somos\/\",\"url\":\"https:\/\/somnins.com\/es\/quienes-somos\/\",\"name\":\"Qui\u00e9nes somos - Somnins\",\"isPartOf\":{\"@id\":\"https:\/\/somnins.com\/es\/#website\"},\"datePublished\":\"2023-09-28T10:32:00+00:00\",\"dateModified\":\"2023-12-19T13:06:47+00:00\",\"description\":\"Tu packager editorial de confianza. Somos editoras con m\u00e1s de 25 a\u00f1os de experiencia. La vocaci\u00f3n por la cultura es nuestra raz\u00f3n de ser.\",\"breadcrumb\":{\"@id\":\"https:\/\/somnins.com\/es\/quienes-somos\/#breadcrumb\"},\"inLanguage\":\"es\",\"potentialAction\":[{\"@type\":\"ReadAction\",\"target\":[\"https:\/\/somnins.com\/es\/quienes-somos\/\"]}]},{\"@type\":\"BreadcrumbList\",\"@id\":\"https:\/\/somnins.com\/es\/quienes-somos\/#breadcrumb\",\"itemListElement\":[{\"@type\":\"ListItem\",\"position\":1,\"name\":\"Portada\",\"item\":\"https:\/\/somnins.com\/es\/\"},{\"@type\":\"ListItem\",\"position\":2,\"name\":\"Qui\u00e9nes somos\"}]},{\"@type\":\"WebSite\",\"@id\":\"https:\/\/somnins.com\/es\/#website\",\"url\":\"https:\/\/somnins.com\/es\/\",\"name\":\"Somnins\",\"description\":\"\",\"publisher\":{\"@id\":\"https:\/\/somnins.com\/es\/#organization\"},\"potentialAction\":[{\"@type\":\"SearchAction\",\"target\":{\"@type\":\"EntryPoint\",\"urlTemplate\":\"https:\/\/somnins.com\/es\/?s={search_term_string}\"},\"query-input\":\"required name=search_term_string\"}],\"inLanguage\":\"es\"},{\"@type\":\"Organization\",\"@id\":\"https:\/\/somnins.com\/es\/#organization\",\"name\":\"Somnins\",\"alternateName\":\"Somnins\",\"url\":\"https:\/\/somnins.com\/es\/\",\"logo\":{\"@type\":\"ImageObject\",\"inLanguage\":\"es\",\"@id\":\"https:\/\/somnins.com\/es\/#\/schema\/logo\/image\/\",\"url\":\"https:\/\/somnins.com\/wp-content\/uploads\/2023\/09\/logo-somnins.png\",\"contentUrl\":\"https:\/\/somnins.com\/wp-content\/uploads\/2023\/09\/logo-somnins.png\",\"width\":609,\"height\":317,\"caption\":\"Somnins\"},\"image\":{\"@id\":\"https:\/\/somnins.com\/es\/#\/schema\/logo\/image\/\"},\"sameAs\":[\"https:\/\/twitter.com\/somnins\",\"https:\/\/www.instagram.com\/somninsedicions\/\"]}]}<\/script>\n<!-- \/ Yoast SEO plugin. -->","yoast_head_json":{"title":"Qui\u00e9nes somos - Somnins","description":"Tu packager editorial de confianza. Somos editoras con m\u00e1s de 25 a\u00f1os de experiencia. La vocaci\u00f3n por la cultura es nuestra raz\u00f3n de ser.","robots":{"index":"index","follow":"follow","max-snippet":"max-snippet:-1","max-image-preview":"max-image-preview:large","max-video-preview":"max-video-preview:-1"},"canonical":"https:\/\/somnins.com\/es\/quienes-somos\/","og_locale":"es_ES","og_type":"article","og_title":"Qui\u00e9nes somos - Somnins","og_description":"Tu packager editorial de confianza. Somos editoras con m\u00e1s de 25 a\u00f1os de experiencia. La vocaci\u00f3n por la cultura es nuestra raz\u00f3n de ser.","og_url":"https:\/\/somnins.com\/es\/quienes-somos\/","og_site_name":"Somnins","article_modified_time":"2023-12-19T13:06:47+00:00","og_image":[{"width":609,"height":317,"url":"https:\/\/somnins.com\/wp-content\/uploads\/2023\/09\/logo-somnins.png","type":"image\/png"}],"twitter_card":"summary_large_image","twitter_site":"@somnins","twitter_misc":{"Tiempo de lectura":"2 minutos"},"schema":{"@context":"https:\/\/schema.org","@graph":[{"@type":"WebPage","@id":"https:\/\/somnins.com\/es\/quienes-somos\/","url":"https:\/\/somnins.com\/es\/quienes-somos\/","name":"Qui\u00e9nes somos - Somnins","isPartOf":{"@id":"https:\/\/somnins.com\/es\/#website"},"datePublished":"2023-09-28T10:32:00+00:00","dateModified":"2023-12-19T13:06:47+00:00","description":"Tu packager editorial de confianza. Somos editoras con m\u00e1s de 25 a\u00f1os de experiencia. La vocaci\u00f3n por la cultura es nuestra raz\u00f3n de ser.","breadcrumb":{"@id":"https:\/\/somnins.com\/es\/quienes-somos\/#breadcrumb"},"inLanguage":"es","potentialAction":[{"@type":"ReadAction","target":["https:\/\/somnins.com\/es\/quienes-somos\/"]}]},{"@type":"BreadcrumbList","@id":"https:\/\/somnins.com\/es\/quienes-somos\/#breadcrumb","itemListElement":[{"@type":"ListItem","position":1,"name":"Portada","item":"https:\/\/somnins.com\/es\/"},{"@type":"ListItem","position":2,"name":"Qui\u00e9nes somos"}]},{"@type":"WebSite","@id":"https:\/\/somnins.com\/es\/#website","url":"https:\/\/somnins.com\/es\/","name":"Somnins","description":"","publisher":{"@id":"https:\/\/somnins.com\/es\/#organization"},"potentialAction":[{"@type":"SearchAction","target":{"@type":"EntryPoint","urlTemplate":"https:\/\/somnins.com\/es\/?s={search_term_string}"},"query-input":"required name=search_term_string"}],"inLanguage":"es"},{"@type":"Organization","@id":"https:\/\/somnins.com\/es\/#organization","name":"Somnins","alternateName":"Somnins","url":"https:\/\/somnins.com\/es\/","logo":{"@type":"ImageObject","inLanguage":"es","@id":"https:\/\/somnins.com\/es\/#\/schema\/logo\/image\/","url":"https:\/\/somnins.com\/wp-content\/uploads\/2023\/09\/logo-somnins.png","contentUrl":"https:\/\/somnins.com\/wp-content\/uploads\/2023\/09\/logo-somnins.png","width":609,"height":317,"caption":"Somnins"},"image":{"@id":"https:\/\/somnins.com\/es\/#\/schema\/logo\/image\/"},"sameAs":["https:\/\/twitter.com\/somnins","https:\/\/www.instagram.com\/somninsedicions\/"]}]}},"_links":{"self":[{"href":"https:\/\/somnins.com\/es\/wp-json\/wp\/v2\/pages\/1264","targetHints":{"allow":["GET"]}}],"collection":[{"href":"https:\/\/somnins.com\/es\/wp-json\/wp\/v2\/pages"}],"about":[{"href":"https:\/\/somnins.com\/es\/wp-json\/wp\/v2\/types\/page"}],"author":[{"embeddable":true,"href":"https:\/\/somnins.com\/es\/wp-json\/wp\/v2\/users\/4"}],"replies":[{"embeddable":true,"href":"https:\/\/somnins.com\/es\/wp-json\/wp\/v2\/comments?post=1264"}],"version-history":[{"count":11,"href":"https:\/\/somnins.com\/es\/wp-json\/wp\/v2\/pages\/1264\/revisions"}],"predecessor-version":[{"id":1871,"href":"https:\/\/somnins.com\/es\/wp-json\/wp\/v2\/pages\/1264\/revisions\/1871"}],"wp:attachment":[{"href":"https:\/\/somnins.com\/es\/wp-json\/wp\/v2\/media?parent=1264"}],"curies":[{"name":"wp","href":"https:\/\/api.w.org\/{rel}","templated":true}]}}