{"id":1235,"date":"2023-09-29T08:05:42","date_gmt":"2023-09-29T07:05:42","guid":{"rendered":"https:\/\/app81.dev.madsys.com\/somnins\/que-hacemos\/llibres-dactivitats\/"},"modified":"2023-11-17T19:45:14","modified_gmt":"2023-11-17T18:45:14","slug":"libros-de-actividades","status":"publish","type":"page","link":"https:\/\/somnins.com\/es\/que-hacemos\/libros-de-actividades\/","title":{"rendered":"Libros de Actividades"},"content":{"rendered":"<div class=\"wpb-content-wrapper\"><p>[vc_section][vc_row full_width=\u00bbstretch_row_content\u00bb el_class=\u00bbsin-padding\u00bb][vc_column][vc_empty_space el_class=\u00bbvc_hidden-sm vc_hidden-xs\u00bb][vc_empty_space][vc_column_text css_animation=\u00bbfadeIn\u00bb el_class=\u00bbcat-titulo-principal\u00bb]<\/p>\n<h2 style=\"text-align: center;\">SOMOS EXPERTAS EN<\/h2>\n<p>[\/vc_column_text][vc_column_text css_animation=\u00bbfadeIn\u00bb]<\/p>\n<h3 style=\"text-align: center;\"><strong>LIBROS DE ACTIVIDADES<\/strong><\/h3>\n<p>[\/vc_column_text][\/vc_column][\/vc_row][vc_row full_width=\u00bbstretch_row\u00bb][vc_column][vc_empty_space height=\u00bb64px\u00bb el_class=\u00bbvc_hidden-sm vc_hidden-xs\u00bb][vc_column_text css_animation=\u00bbfadeIn\u00bb el_class=\u00bbcategoria-txt\u00bb]Pasatiempos, manualidades, libros con pegatinas, para colorear, recortables\u2026 Este tipo de proyectos nos encanta porque el protagonista es el lector, ya sea peque\u00f1o o mayor, pues su intervenci\u00f3n es fundamental para el \u00e9xito del libro. El soporte de las actividades puede ser papel, adhesivo o laminado. Este \u00faltimo permite borrar y repetir la actividad tantas veces como se quiera. El origami es una de nuestras especialidades.[\/vc_column_text][vc_empty_space height=\u00bb64px\u00bb el_class=\u00bbvc_hidden-sm vc_hidden-xs\u00bb][\/vc_column][\/vc_row][\/vc_section][vc_section el_id=\u00bbmad-galeria-fotos\u00bb el_class=\u00bbsin-padding\u00bb][vc_row full_width=\u00bbstretch_row_content\u00bb][vc_column]<div class=\"ult-content-box-container grid-galeria\" >\t\t<div class=\"ult-content-box\" style=\"box-shadow: px px px px none;-webkit-transition: all 700ms ease;-moz-transition: all 700ms ease;-ms-transition: all 700ms ease;-o-transition: all 700ms ease;transition: all 700ms ease;\"  data-hover_box_shadow=\"none\"    >[vc_single_image image=\u00bb860&#8243; img_size=\u00bbfull\u00bb css_animation=\u00bbfadeIn\u00bb el_class=\u00bbgaleria-item\u00bb][vc_single_image image=\u00bb842&#8243; img_size=\u00bbfull\u00bb css_animation=\u00bbfadeIn\u00bb el_class=\u00bbgaleria-item\u00bb][vc_single_image image=\u00bb866&#8243; img_size=\u00bbfull\u00bb css_animation=\u00bbfadeIn\u00bb el_class=\u00bbgaleria-item\u00bb][vc_single_image image=\u00bb851&#8243; img_size=\u00bbfull\u00bb css_animation=\u00bbfadeIn\u00bb el_class=\u00bbgaleria-item\u00bb][vc_single_image image=\u00bb845&#8243; img_size=\u00bbfull\u00bb css_animation=\u00bbfadeIn\u00bb el_class=\u00bbgaleria-item\u00bb][vc_single_image image=\u00bb848&#8243; img_size=\u00bbfull\u00bb css_animation=\u00bbfadeIn\u00bb el_class=\u00bbgaleria-item\u00bb][vc_single_image image=\u00bb857&#8243; img_size=\u00bbfull\u00bb css_animation=\u00bbfadeIn\u00bb el_class=\u00bbgaleria-item\u00bb][vc_single_image image=\u00bb1160&#8243; img_size=\u00bbfull\u00bb css_animation=\u00bbfadeIn\u00bb el_class=\u00bbgaleria-item\u00bb][vc_single_image image=\u00bb863&#8243; img_size=\u00bbfull\u00bb css_animation=\u00bbfadeIn\u00bb el_class=\u00bbgaleria-item\u00bb]\t\t<\/div><\/div>[\/vc_column][\/vc_row][\/vc_section][vc_section][vc_row][vc_column][vc_empty_space height=\u00bb64px\u00bb][vc_raw_html]JTVCbWFkX2luY2x1ZGVwYWdlJTIwaWQlM0QlMjIxMjI2JTIyJTVE[\/vc_raw_html][\/vc_column][\/vc_row][\/vc_section]<\/p>\n<\/div>","protected":false},"excerpt":{"rendered":"<p>[vc_section][vc_row full_width=\u00bbstretch_row_content\u00bb el_class=\u00bbsin-padding\u00bb][vc_column][vc_empty_space el_class=\u00bbvc_hidden-sm vc_hidden-xs\u00bb][vc_empty_space][vc_column_text css_animation=\u00bbfadeIn\u00bb el_class=\u00bbcat-titulo-principal\u00bb] SOMOS EXPERTAS EN [\/vc_column_text][vc_column_text css_animation=\u00bbfadeIn\u00bb] LIBROS DE ACTIVIDADES [\/vc_column_text][\/vc_column][\/vc_row][vc_row full_width=\u00bbstretch_row\u00bb][vc_column][vc_empty_space height=\u00bb64px\u00bb el_class=\u00bbvc_hidden-sm vc_hidden-xs\u00bb][vc_column_text css_animation=\u00bbfadeIn\u00bb el_class=\u00bbcategoria-txt\u00bb]Pasatiempos, manualidades, libros con pegatinas, para colorear, recortables\u2026 Este tipo de proyectos nos encanta porque el protagonista es el lector, ya sea peque\u00f1o o mayor, pues su intervenci\u00f3n es fundamental para el \u00e9xito del libro. El soporte de las actividades puede ser papel, adhesivo o laminado. Este \u00faltimo permite borrar y repetir la actividad tantas veces como se quiera. El origami es una de nuestras especialidades.[\/vc_column_text][vc_empty_space height=\u00bb64px\u00bb el_class=\u00bbvc_hidden-sm vc_hidden-xs\u00bb][\/vc_column][\/vc_row][\/vc_section][vc_section el_id=\u00bbmad-galeria-fotos\u00bb el_class=\u00bbsin-padding\u00bb][vc_row full_width=\u00bbstretch_row_content\u00bb][vc_column][\/vc_column][\/vc_row][\/vc_section][vc_section][vc_row][vc_column][vc_empty_space height=\u00bb64px\u00bb][vc_raw_html]JTVCbWFkX2luY2x1ZGVwYWdlJTIwaWQlM0QlMjIxMjI2JTIyJTVE[\/vc_raw_html][\/vc_column][\/vc_row][\/vc_section]<\/p>\n","protected":false},"author":4,"featured_media":1185,"parent":1220,"menu_order":0,"comment_status":"closed","ping_status":"closed","template":"","meta":{"footnotes":""},"class_list":["post-1235","page","type-page","status-publish","has-post-thumbnail"],"acf":[],"yoast_head":"<!-- This site is optimized with the Yoast SEO plugin v21.9.1 - https:\/\/yoast.com\/wordpress\/plugins\/seo\/ -->\n<title>Libros de Actividades - Somnins<\/title>\n<meta name=\"description\" content=\"Editamos pasatiempos, manualidades, libros con pegatinas, libros para colorear, recortables... En estos libros el lector es el protagonista.\" \/>\n<meta name=\"robots\" content=\"index, follow, max-snippet:-1, max-image-preview:large, max-video-preview:-1\" \/>\n<link rel=\"canonical\" href=\"https:\/\/somnins.com\/es\/que-hacemos\/libros-de-actividades\/\" \/>\n<meta property=\"og:locale\" content=\"es_ES\" \/>\n<meta property=\"og:type\" content=\"article\" \/>\n<meta property=\"og:title\" content=\"Libros de Actividades - Somnins\" \/>\n<meta property=\"og:description\" content=\"Editamos pasatiempos, manualidades, libros con pegatinas, libros para colorear, recortables... En estos libros el lector es el protagonista.\" \/>\n<meta property=\"og:url\" content=\"https:\/\/somnins.com\/es\/que-hacemos\/libros-de-actividades\/\" \/>\n<meta property=\"og:site_name\" content=\"Somnins\" \/>\n<meta property=\"article:modified_time\" content=\"2023-11-17T18:45:14+00:00\" \/>\n<meta property=\"og:image\" content=\"https:\/\/somnins.com\/wp-content\/uploads\/2023\/10\/SOMNINS0003-scaled.jpg\" \/>\n\t<meta property=\"og:image:width\" content=\"2560\" \/>\n\t<meta property=\"og:image:height\" content=\"1440\" \/>\n\t<meta property=\"og:image:type\" content=\"image\/jpeg\" \/>\n<meta name=\"twitter:card\" content=\"summary_large_image\" \/>\n<meta name=\"twitter:site\" content=\"@somnins\" \/>\n<meta name=\"twitter:label1\" content=\"Tiempo de lectura\" \/>\n\t<meta name=\"twitter:data1\" content=\"1 minuto\" \/>\n<script type=\"application\/ld+json\" class=\"yoast-schema-graph\">{\"@context\":\"https:\/\/schema.org\",\"@graph\":[{\"@type\":\"WebPage\",\"@id\":\"https:\/\/somnins.com\/es\/que-hacemos\/libros-de-actividades\/\",\"url\":\"https:\/\/somnins.com\/es\/que-hacemos\/libros-de-actividades\/\",\"name\":\"Libros de Actividades - Somnins\",\"isPartOf\":{\"@id\":\"https:\/\/somnins.com\/es\/#website\"},\"datePublished\":\"2023-09-29T07:05:42+00:00\",\"dateModified\":\"2023-11-17T18:45:14+00:00\",\"description\":\"Editamos pasatiempos, manualidades, libros con pegatinas, libros para colorear, recortables... En estos libros el lector es el protagonista.\",\"breadcrumb\":{\"@id\":\"https:\/\/somnins.com\/es\/que-hacemos\/libros-de-actividades\/#breadcrumb\"},\"inLanguage\":\"es\",\"potentialAction\":[{\"@type\":\"ReadAction\",\"target\":[\"https:\/\/somnins.com\/es\/que-hacemos\/libros-de-actividades\/\"]}]},{\"@type\":\"BreadcrumbList\",\"@id\":\"https:\/\/somnins.com\/es\/que-hacemos\/libros-de-actividades\/#breadcrumb\",\"itemListElement\":[{\"@type\":\"ListItem\",\"position\":1,\"name\":\"Portada\",\"item\":\"https:\/\/somnins.com\/es\/\"},{\"@type\":\"ListItem\",\"position\":2,\"name\":\"Qu\u00e9 hacemos\",\"item\":\"https:\/\/somnins.com\/es\/que-hacemos\/\"},{\"@type\":\"ListItem\",\"position\":3,\"name\":\"Libros de Actividades\"}]},{\"@type\":\"WebSite\",\"@id\":\"https:\/\/somnins.com\/es\/#website\",\"url\":\"https:\/\/somnins.com\/es\/\",\"name\":\"Somnins\",\"description\":\"\",\"publisher\":{\"@id\":\"https:\/\/somnins.com\/es\/#organization\"},\"potentialAction\":[{\"@type\":\"SearchAction\",\"target\":{\"@type\":\"EntryPoint\",\"urlTemplate\":\"https:\/\/somnins.com\/es\/?s={search_term_string}\"},\"query-input\":\"required name=search_term_string\"}],\"inLanguage\":\"es\"},{\"@type\":\"Organization\",\"@id\":\"https:\/\/somnins.com\/es\/#organization\",\"name\":\"Somnins\",\"alternateName\":\"Somnins\",\"url\":\"https:\/\/somnins.com\/es\/\",\"logo\":{\"@type\":\"ImageObject\",\"inLanguage\":\"es\",\"@id\":\"https:\/\/somnins.com\/es\/#\/schema\/logo\/image\/\",\"url\":\"https:\/\/somnins.com\/wp-content\/uploads\/2023\/09\/logo-somnins.png\",\"contentUrl\":\"https:\/\/somnins.com\/wp-content\/uploads\/2023\/09\/logo-somnins.png\",\"width\":609,\"height\":317,\"caption\":\"Somnins\"},\"image\":{\"@id\":\"https:\/\/somnins.com\/es\/#\/schema\/logo\/image\/\"},\"sameAs\":[\"https:\/\/twitter.com\/somnins\",\"https:\/\/www.instagram.com\/somninsedicions\/\"]}]}<\/script>\n<!-- \/ Yoast SEO plugin. -->","yoast_head_json":{"title":"Libros de Actividades - Somnins","description":"Editamos pasatiempos, manualidades, libros con pegatinas, libros para colorear, recortables... En estos libros el lector es el protagonista.","robots":{"index":"index","follow":"follow","max-snippet":"max-snippet:-1","max-image-preview":"max-image-preview:large","max-video-preview":"max-video-preview:-1"},"canonical":"https:\/\/somnins.com\/es\/que-hacemos\/libros-de-actividades\/","og_locale":"es_ES","og_type":"article","og_title":"Libros de Actividades - Somnins","og_description":"Editamos pasatiempos, manualidades, libros con pegatinas, libros para colorear, recortables... En estos libros el lector es el protagonista.","og_url":"https:\/\/somnins.com\/es\/que-hacemos\/libros-de-actividades\/","og_site_name":"Somnins","article_modified_time":"2023-11-17T18:45:14+00:00","og_image":[{"width":2560,"height":1440,"url":"https:\/\/somnins.com\/wp-content\/uploads\/2023\/10\/SOMNINS0003-scaled.jpg","type":"image\/jpeg"}],"twitter_card":"summary_large_image","twitter_site":"@somnins","twitter_misc":{"Tiempo de lectura":"1 minuto"},"schema":{"@context":"https:\/\/schema.org","@graph":[{"@type":"WebPage","@id":"https:\/\/somnins.com\/es\/que-hacemos\/libros-de-actividades\/","url":"https:\/\/somnins.com\/es\/que-hacemos\/libros-de-actividades\/","name":"Libros de Actividades - Somnins","isPartOf":{"@id":"https:\/\/somnins.com\/es\/#website"},"datePublished":"2023-09-29T07:05:42+00:00","dateModified":"2023-11-17T18:45:14+00:00","description":"Editamos pasatiempos, manualidades, libros con pegatinas, libros para colorear, recortables... En estos libros el lector es el protagonista.","breadcrumb":{"@id":"https:\/\/somnins.com\/es\/que-hacemos\/libros-de-actividades\/#breadcrumb"},"inLanguage":"es","potentialAction":[{"@type":"ReadAction","target":["https:\/\/somnins.com\/es\/que-hacemos\/libros-de-actividades\/"]}]},{"@type":"BreadcrumbList","@id":"https:\/\/somnins.com\/es\/que-hacemos\/libros-de-actividades\/#breadcrumb","itemListElement":[{"@type":"ListItem","position":1,"name":"Portada","item":"https:\/\/somnins.com\/es\/"},{"@type":"ListItem","position":2,"name":"Qu\u00e9 hacemos","item":"https:\/\/somnins.com\/es\/que-hacemos\/"},{"@type":"ListItem","position":3,"name":"Libros de Actividades"}]},{"@type":"WebSite","@id":"https:\/\/somnins.com\/es\/#website","url":"https:\/\/somnins.com\/es\/","name":"Somnins","description":"","publisher":{"@id":"https:\/\/somnins.com\/es\/#organization"},"potentialAction":[{"@type":"SearchAction","target":{"@type":"EntryPoint","urlTemplate":"https:\/\/somnins.com\/es\/?s={search_term_string}"},"query-input":"required name=search_term_string"}],"inLanguage":"es"},{"@type":"Organization","@id":"https:\/\/somnins.com\/es\/#organization","name":"Somnins","alternateName":"Somnins","url":"https:\/\/somnins.com\/es\/","logo":{"@type":"ImageObject","inLanguage":"es","@id":"https:\/\/somnins.com\/es\/#\/schema\/logo\/image\/","url":"https:\/\/somnins.com\/wp-content\/uploads\/2023\/09\/logo-somnins.png","contentUrl":"https:\/\/somnins.com\/wp-content\/uploads\/2023\/09\/logo-somnins.png","width":609,"height":317,"caption":"Somnins"},"image":{"@id":"https:\/\/somnins.com\/es\/#\/schema\/logo\/image\/"},"sameAs":["https:\/\/twitter.com\/somnins","https:\/\/www.instagram.com\/somninsedicions\/"]}]}},"_links":{"self":[{"href":"https:\/\/somnins.com\/es\/wp-json\/wp\/v2\/pages\/1235","targetHints":{"allow":["GET"]}}],"collection":[{"href":"https:\/\/somnins.com\/es\/wp-json\/wp\/v2\/pages"}],"about":[{"href":"https:\/\/somnins.com\/es\/wp-json\/wp\/v2\/types\/page"}],"author":[{"embeddable":true,"href":"https:\/\/somnins.com\/es\/wp-json\/wp\/v2\/users\/4"}],"replies":[{"embeddable":true,"href":"https:\/\/somnins.com\/es\/wp-json\/wp\/v2\/comments?post=1235"}],"version-history":[{"count":4,"href":"https:\/\/somnins.com\/es\/wp-json\/wp\/v2\/pages\/1235\/revisions"}],"predecessor-version":[{"id":1641,"href":"https:\/\/somnins.com\/es\/wp-json\/wp\/v2\/pages\/1235\/revisions\/1641"}],"up":[{"embeddable":true,"href":"https:\/\/somnins.com\/es\/wp-json\/wp\/v2\/pages\/1220"}],"wp:featuredmedia":[{"embeddable":true,"href":"https:\/\/somnins.com\/es\/wp-json\/wp\/v2\/media\/1185"}],"wp:attachment":[{"href":"https:\/\/somnins.com\/es\/wp-json\/wp\/v2\/media?parent=1235"}],"curies":[{"name":"wp","href":"https:\/\/api.w.org\/{rel}","templated":true}]}}