{"id":1233,"date":"2023-09-29T08:07:30","date_gmt":"2023-09-29T07:07:30","guid":{"rendered":"https:\/\/app81.dev.madsys.com\/somnins\/que-hacemos\/influencers\/"},"modified":"2023-10-26T15:59:41","modified_gmt":"2023-10-26T14:59:41","slug":"influencers","status":"publish","type":"page","link":"https:\/\/somnins.com\/es\/que-hacemos\/influencers\/","title":{"rendered":"Influencers"},"content":{"rendered":"<div class=\"wpb-content-wrapper\"><p>[vc_section][vc_row full_width=\u00bbstretch_row_content\u00bb el_class=\u00bbsin-padding\u00bb][vc_column][vc_empty_space el_class=\u00bbvc_hidden-sm vc_hidden-xs\u00bb][vc_empty_space][vc_column_text css_animation=\u00bbfadeIn\u00bb el_class=\u00bbcat-titulo-principal\u00bb]<\/p>\n<h2 style=\"text-align: center;\">SOMOS EXPERTAS EN<\/h2>\n<p>[\/vc_column_text][vc_column_text css_animation=\u00bbfadeIn\u00bb]<\/p>\n<h3 style=\"text-align: center;\"><em><strong>INFLUENCERS<\/strong><\/em><\/h3>\n<p>[\/vc_column_text][\/vc_column][\/vc_row][vc_row full_width=\u00bbstretch_row\u00bb][vc_column][vc_empty_space height=\u00bb64px\u00bb el_class=\u00bbvc_hidden-sm vc_hidden-xs\u00bb][vc_column_text css_animation=\u00bbfadeIn\u00bb el_class=\u00bbcategoria-txt\u00bb]Coordinamos la edici\u00f3n del libro. Estamos en contacto con el autor, le ayudamos en la redacci\u00f3n, en el caso de que lo necesite, y le acompa\u00f1amos en un proceso que a menudo le es desconocido. Nos adaptamos a las necesidades de nuestro cliente, interviniendo all\u00ed donde es necesario; por ejemplo, aportamos ideas para adecuar el original a la edad del p\u00fablico receptor. La edici\u00f3n de este tipo de libros requiere una dedicaci\u00f3n enfocada m\u00e1s en la autor\u00eda que en cualquier otro caso. Lo sabemos y somos expertas.[\/vc_column_text][vc_empty_space height=\u00bb64px\u00bb el_class=\u00bbvc_hidden-sm vc_hidden-xs\u00bb][\/vc_column][\/vc_row][\/vc_section][vc_section el_id=\u00bbmad-galeria-fotos\u00bb el_class=\u00bbsin-padding\u00bb][vc_row full_width=\u00bbstretch_row_content\u00bb][vc_column]<div class=\"ult-content-box-container grid-galeria galeria-9\" >\t\t<div class=\"ult-content-box\" style=\"box-shadow: px px px px none;-webkit-transition: all 700ms ease;-moz-transition: all 700ms ease;-ms-transition: all 700ms ease;-o-transition: all 700ms ease;transition: all 700ms ease;\"  data-hover_box_shadow=\"none\"    >[vc_single_image image=\u00bb792&#8243; img_size=\u00bbfull\u00bb css_animation=\u00bbfadeIn\u00bb el_class=\u00bbgaleria-item\u00bb][vc_single_image image=\u00bb795&#8243; img_size=\u00bbfull\u00bb css_animation=\u00bbfadeIn\u00bb el_class=\u00bbgaleria-item\u00bb][vc_single_image image=\u00bb798&#8243; img_size=\u00bbfull\u00bb css_animation=\u00bbfadeIn\u00bb el_class=\u00bbgaleria-item\u00bb][vc_single_image image=\u00bb804&#8243; img_size=\u00bbfull\u00bb css_animation=\u00bbfadeIn\u00bb el_class=\u00bbgaleria-item\u00bb]\t\t<\/div><\/div>[\/vc_column][\/vc_row][\/vc_section][vc_section][vc_row][vc_column][vc_empty_space height=\u00bb64px\u00bb][vc_raw_html]JTVCbWFkX2luY2x1ZGVwYWdlJTIwaWQlM0QlMjIxMjI2JTIyJTVE[\/vc_raw_html][\/vc_column][\/vc_row][\/vc_section]<\/p>\n<\/div>","protected":false},"excerpt":{"rendered":"<p>[vc_section][vc_row full_width=\u00bbstretch_row_content\u00bb el_class=\u00bbsin-padding\u00bb][vc_column][vc_empty_space el_class=\u00bbvc_hidden-sm vc_hidden-xs\u00bb][vc_empty_space][vc_column_text css_animation=\u00bbfadeIn\u00bb el_class=\u00bbcat-titulo-principal\u00bb] SOMOS EXPERTAS EN [\/vc_column_text][vc_column_text css_animation=\u00bbfadeIn\u00bb] INFLUENCERS [\/vc_column_text][\/vc_column][\/vc_row][vc_row full_width=\u00bbstretch_row\u00bb][vc_column][vc_empty_space height=\u00bb64px\u00bb el_class=\u00bbvc_hidden-sm vc_hidden-xs\u00bb][vc_column_text css_animation=\u00bbfadeIn\u00bb el_class=\u00bbcategoria-txt\u00bb]Coordinamos la edici\u00f3n del libro. Estamos en contacto con el autor, le ayudamos en la redacci\u00f3n, en el caso de que lo necesite, y le acompa\u00f1amos en un proceso que a menudo le es desconocido. Nos adaptamos a las necesidades de nuestro cliente, interviniendo all\u00ed donde es necesario; por ejemplo, aportamos ideas para adecuar el original a la edad del p\u00fablico receptor. La edici\u00f3n de este tipo de libros requiere una dedicaci\u00f3n enfocada m\u00e1s en la autor\u00eda que en cualquier otro &#8230; <a title=\"Influencers\" class=\"read-more\" href=\"https:\/\/somnins.com\/es\/que-hacemos\/influencers\/\" aria-label=\"Leer m\u00e1s sobre Influencers\">Leer m\u00e1s<\/a><\/p>\n","protected":false},"author":4,"featured_media":624,"parent":1220,"menu_order":0,"comment_status":"closed","ping_status":"closed","template":"","meta":{"footnotes":""},"class_list":["post-1233","page","type-page","status-publish","has-post-thumbnail"],"acf":[],"yoast_head":"<!-- This site is optimized with the Yoast SEO plugin v21.9.1 - https:\/\/yoast.com\/wordpress\/plugins\/seo\/ -->\n<title>Influencers - Somnins<\/title>\n<meta name=\"robots\" content=\"index, follow, max-snippet:-1, max-image-preview:large, max-video-preview:-1\" \/>\n<link rel=\"canonical\" href=\"https:\/\/somnins.com\/es\/que-hacemos\/influencers\/\" \/>\n<meta property=\"og:locale\" content=\"es_ES\" \/>\n<meta property=\"og:type\" content=\"article\" \/>\n<meta property=\"og:title\" content=\"Influencers - Somnins\" \/>\n<meta property=\"og:description\" content=\"[vc_section][vc_row full_width=\u00bbstretch_row_content\u00bb el_class=\u00bbsin-padding\u00bb][vc_column][vc_empty_space el_class=\u00bbvc_hidden-sm vc_hidden-xs\u00bb][vc_empty_space][vc_column_text css_animation=\u00bbfadeIn\u00bb el_class=\u00bbcat-titulo-principal\u00bb] SOMOS EXPERTAS EN [\/vc_column_text][vc_column_text css_animation=\u00bbfadeIn\u00bb] INFLUENCERS [\/vc_column_text][\/vc_column][\/vc_row][vc_row full_width=\u00bbstretch_row\u00bb][vc_column][vc_empty_space height=\u00bb64px\u00bb el_class=\u00bbvc_hidden-sm vc_hidden-xs\u00bb][vc_column_text css_animation=\u00bbfadeIn\u00bb el_class=\u00bbcategoria-txt\u00bb]Coordinamos la edici\u00f3n del libro. Estamos en contacto con el autor, le ayudamos en la redacci\u00f3n, en el caso de que lo necesite, y le acompa\u00f1amos en un proceso que a menudo le es desconocido. Nos adaptamos a las necesidades de nuestro cliente, interviniendo all\u00ed donde es necesario; por ejemplo, aportamos ideas para adecuar el original a la edad del p\u00fablico receptor. La edici\u00f3n de este tipo de libros requiere una dedicaci\u00f3n enfocada m\u00e1s en la autor\u00eda que en cualquier otro ... Leer m\u00e1s\" \/>\n<meta property=\"og:url\" content=\"https:\/\/somnins.com\/es\/que-hacemos\/influencers\/\" \/>\n<meta property=\"og:site_name\" content=\"Somnins\" \/>\n<meta property=\"article:modified_time\" content=\"2023-10-26T14:59:41+00:00\" \/>\n<meta property=\"og:image\" content=\"https:\/\/somnins.com\/wp-content\/uploads\/2023\/09\/SOMNINS0050-Influencers-2.jpg\" \/>\n\t<meta property=\"og:image:width\" content=\"2343\" \/>\n\t<meta property=\"og:image:height\" content=\"1318\" \/>\n\t<meta property=\"og:image:type\" content=\"image\/jpeg\" \/>\n<meta name=\"twitter:card\" content=\"summary_large_image\" \/>\n<meta name=\"twitter:site\" content=\"@somnins\" \/>\n<meta name=\"twitter:label1\" content=\"Tiempo de lectura\" \/>\n\t<meta name=\"twitter:data1\" content=\"2 minutos\" \/>\n<script type=\"application\/ld+json\" class=\"yoast-schema-graph\">{\"@context\":\"https:\/\/schema.org\",\"@graph\":[{\"@type\":\"WebPage\",\"@id\":\"https:\/\/somnins.com\/es\/que-hacemos\/influencers\/\",\"url\":\"https:\/\/somnins.com\/es\/que-hacemos\/influencers\/\",\"name\":\"Influencers - Somnins\",\"isPartOf\":{\"@id\":\"https:\/\/somnins.com\/es\/#website\"},\"datePublished\":\"2023-09-29T07:07:30+00:00\",\"dateModified\":\"2023-10-26T14:59:41+00:00\",\"breadcrumb\":{\"@id\":\"https:\/\/somnins.com\/es\/que-hacemos\/influencers\/#breadcrumb\"},\"inLanguage\":\"es\",\"potentialAction\":[{\"@type\":\"ReadAction\",\"target\":[\"https:\/\/somnins.com\/es\/que-hacemos\/influencers\/\"]}]},{\"@type\":\"BreadcrumbList\",\"@id\":\"https:\/\/somnins.com\/es\/que-hacemos\/influencers\/#breadcrumb\",\"itemListElement\":[{\"@type\":\"ListItem\",\"position\":1,\"name\":\"Portada\",\"item\":\"https:\/\/somnins.com\/es\/\"},{\"@type\":\"ListItem\",\"position\":2,\"name\":\"Qu\u00e9 hacemos\",\"item\":\"https:\/\/somnins.com\/es\/que-hacemos\/\"},{\"@type\":\"ListItem\",\"position\":3,\"name\":\"Influencers\"}]},{\"@type\":\"WebSite\",\"@id\":\"https:\/\/somnins.com\/es\/#website\",\"url\":\"https:\/\/somnins.com\/es\/\",\"name\":\"Somnins\",\"description\":\"\",\"publisher\":{\"@id\":\"https:\/\/somnins.com\/es\/#organization\"},\"potentialAction\":[{\"@type\":\"SearchAction\",\"target\":{\"@type\":\"EntryPoint\",\"urlTemplate\":\"https:\/\/somnins.com\/es\/?s={search_term_string}\"},\"query-input\":\"required name=search_term_string\"}],\"inLanguage\":\"es\"},{\"@type\":\"Organization\",\"@id\":\"https:\/\/somnins.com\/es\/#organization\",\"name\":\"Somnins\",\"alternateName\":\"Somnins\",\"url\":\"https:\/\/somnins.com\/es\/\",\"logo\":{\"@type\":\"ImageObject\",\"inLanguage\":\"es\",\"@id\":\"https:\/\/somnins.com\/es\/#\/schema\/logo\/image\/\",\"url\":\"https:\/\/somnins.com\/wp-content\/uploads\/2023\/09\/logo-somnins.png\",\"contentUrl\":\"https:\/\/somnins.com\/wp-content\/uploads\/2023\/09\/logo-somnins.png\",\"width\":609,\"height\":317,\"caption\":\"Somnins\"},\"image\":{\"@id\":\"https:\/\/somnins.com\/es\/#\/schema\/logo\/image\/\"},\"sameAs\":[\"https:\/\/twitter.com\/somnins\",\"https:\/\/www.instagram.com\/somninsedicions\/\"]}]}<\/script>\n<!-- \/ Yoast SEO plugin. -->","yoast_head_json":{"title":"Influencers - Somnins","robots":{"index":"index","follow":"follow","max-snippet":"max-snippet:-1","max-image-preview":"max-image-preview:large","max-video-preview":"max-video-preview:-1"},"canonical":"https:\/\/somnins.com\/es\/que-hacemos\/influencers\/","og_locale":"es_ES","og_type":"article","og_title":"Influencers - Somnins","og_description":"[vc_section][vc_row full_width=\u00bbstretch_row_content\u00bb el_class=\u00bbsin-padding\u00bb][vc_column][vc_empty_space el_class=\u00bbvc_hidden-sm vc_hidden-xs\u00bb][vc_empty_space][vc_column_text css_animation=\u00bbfadeIn\u00bb el_class=\u00bbcat-titulo-principal\u00bb] SOMOS EXPERTAS EN [\/vc_column_text][vc_column_text css_animation=\u00bbfadeIn\u00bb] INFLUENCERS [\/vc_column_text][\/vc_column][\/vc_row][vc_row full_width=\u00bbstretch_row\u00bb][vc_column][vc_empty_space height=\u00bb64px\u00bb el_class=\u00bbvc_hidden-sm vc_hidden-xs\u00bb][vc_column_text css_animation=\u00bbfadeIn\u00bb el_class=\u00bbcategoria-txt\u00bb]Coordinamos la edici\u00f3n del libro. Estamos en contacto con el autor, le ayudamos en la redacci\u00f3n, en el caso de que lo necesite, y le acompa\u00f1amos en un proceso que a menudo le es desconocido. Nos adaptamos a las necesidades de nuestro cliente, interviniendo all\u00ed donde es necesario; por ejemplo, aportamos ideas para adecuar el original a la edad del p\u00fablico receptor. La edici\u00f3n de este tipo de libros requiere una dedicaci\u00f3n enfocada m\u00e1s en la autor\u00eda que en cualquier otro ... Leer m\u00e1s","og_url":"https:\/\/somnins.com\/es\/que-hacemos\/influencers\/","og_site_name":"Somnins","article_modified_time":"2023-10-26T14:59:41+00:00","og_image":[{"width":2343,"height":1318,"url":"https:\/\/somnins.com\/wp-content\/uploads\/2023\/09\/SOMNINS0050-Influencers-2.jpg","type":"image\/jpeg"}],"twitter_card":"summary_large_image","twitter_site":"@somnins","twitter_misc":{"Tiempo de lectura":"2 minutos"},"schema":{"@context":"https:\/\/schema.org","@graph":[{"@type":"WebPage","@id":"https:\/\/somnins.com\/es\/que-hacemos\/influencers\/","url":"https:\/\/somnins.com\/es\/que-hacemos\/influencers\/","name":"Influencers - Somnins","isPartOf":{"@id":"https:\/\/somnins.com\/es\/#website"},"datePublished":"2023-09-29T07:07:30+00:00","dateModified":"2023-10-26T14:59:41+00:00","breadcrumb":{"@id":"https:\/\/somnins.com\/es\/que-hacemos\/influencers\/#breadcrumb"},"inLanguage":"es","potentialAction":[{"@type":"ReadAction","target":["https:\/\/somnins.com\/es\/que-hacemos\/influencers\/"]}]},{"@type":"BreadcrumbList","@id":"https:\/\/somnins.com\/es\/que-hacemos\/influencers\/#breadcrumb","itemListElement":[{"@type":"ListItem","position":1,"name":"Portada","item":"https:\/\/somnins.com\/es\/"},{"@type":"ListItem","position":2,"name":"Qu\u00e9 hacemos","item":"https:\/\/somnins.com\/es\/que-hacemos\/"},{"@type":"ListItem","position":3,"name":"Influencers"}]},{"@type":"WebSite","@id":"https:\/\/somnins.com\/es\/#website","url":"https:\/\/somnins.com\/es\/","name":"Somnins","description":"","publisher":{"@id":"https:\/\/somnins.com\/es\/#organization"},"potentialAction":[{"@type":"SearchAction","target":{"@type":"EntryPoint","urlTemplate":"https:\/\/somnins.com\/es\/?s={search_term_string}"},"query-input":"required name=search_term_string"}],"inLanguage":"es"},{"@type":"Organization","@id":"https:\/\/somnins.com\/es\/#organization","name":"Somnins","alternateName":"Somnins","url":"https:\/\/somnins.com\/es\/","logo":{"@type":"ImageObject","inLanguage":"es","@id":"https:\/\/somnins.com\/es\/#\/schema\/logo\/image\/","url":"https:\/\/somnins.com\/wp-content\/uploads\/2023\/09\/logo-somnins.png","contentUrl":"https:\/\/somnins.com\/wp-content\/uploads\/2023\/09\/logo-somnins.png","width":609,"height":317,"caption":"Somnins"},"image":{"@id":"https:\/\/somnins.com\/es\/#\/schema\/logo\/image\/"},"sameAs":["https:\/\/twitter.com\/somnins","https:\/\/www.instagram.com\/somninsedicions\/"]}]}},"_links":{"self":[{"href":"https:\/\/somnins.com\/es\/wp-json\/wp\/v2\/pages\/1233","targetHints":{"allow":["GET"]}}],"collection":[{"href":"https:\/\/somnins.com\/es\/wp-json\/wp\/v2\/pages"}],"about":[{"href":"https:\/\/somnins.com\/es\/wp-json\/wp\/v2\/types\/page"}],"author":[{"embeddable":true,"href":"https:\/\/somnins.com\/es\/wp-json\/wp\/v2\/users\/4"}],"replies":[{"embeddable":true,"href":"https:\/\/somnins.com\/es\/wp-json\/wp\/v2\/comments?post=1233"}],"version-history":[{"count":5,"href":"https:\/\/somnins.com\/es\/wp-json\/wp\/v2\/pages\/1233\/revisions"}],"predecessor-version":[{"id":1639,"href":"https:\/\/somnins.com\/es\/wp-json\/wp\/v2\/pages\/1233\/revisions\/1639"}],"up":[{"embeddable":true,"href":"https:\/\/somnins.com\/es\/wp-json\/wp\/v2\/pages\/1220"}],"wp:featuredmedia":[{"embeddable":true,"href":"https:\/\/somnins.com\/es\/wp-json\/wp\/v2\/media\/624"}],"wp:attachment":[{"href":"https:\/\/somnins.com\/es\/wp-json\/wp\/v2\/media?parent=1233"}],"curies":[{"name":"wp","href":"https:\/\/api.w.org\/{rel}","templated":true}]}}