{"id":1229,"date":"2023-09-29T10:04:36","date_gmt":"2023-09-29T09:04:36","guid":{"rendered":"https:\/\/app81.dev.madsys.com\/somnins\/que-hacemos\/colleccions\/"},"modified":"2023-10-27T07:39:56","modified_gmt":"2023-10-27T06:39:56","slug":"coleccionables","status":"publish","type":"page","link":"https:\/\/somnins.com\/es\/que-hacemos\/coleccionables\/","title":{"rendered":"Coleccionables"},"content":{"rendered":"<div class=\"wpb-content-wrapper\"><p>[vc_section][vc_row full_width=\u00bbstretch_row_content\u00bb el_class=\u00bbsin-padding\u00bb][vc_column][vc_empty_space el_class=\u00bbvc_hidden-sm vc_hidden-xs\u00bb][vc_empty_space][vc_column_text css_animation=\u00bbfadeIn\u00bb el_class=\u00bbcat-titulo-principal\u00bb]<\/p>\n<h2 style=\"text-align: center;\">SOMOS EXPERTAS EN<\/h2>\n<p>[\/vc_column_text][vc_column_text css_animation=\u00bbfadeIn\u00bb]<\/p>\n<h3 style=\"text-align: center;\"><strong>COLECCIONABLES<\/strong><\/h3>\n<p>[\/vc_column_text][\/vc_column][\/vc_row][vc_row full_width=\u00bbstretch_row\u00bb][vc_column][vc_empty_space height=\u00bb64px\u00bb el_class=\u00bbvc_hidden-sm vc_hidden-xs\u00bb][vc_column_text css_animation=\u00bbfadeIn\u00bb el_class=\u00bbcategoria-txt\u00bb]Coordinar un coleccionable requiere una buena organizaci\u00f3n y una gesti\u00f3n eficaz de los calendarios. Las entregas semanales nos obligan a trabajar de forma r\u00e1pida y met\u00f3dica, sin olvidar la calidad del producto. Antes del lanzamiento, se lleva a cabo una prueba de mercado en la que desplegamos toda nuestra creatividad de acuerdo con las directrices del cliente. Adem\u00e1s de la edici\u00f3n del producto, tambi\u00e9n dise\u00f1amos los cartones de lanzamiento y los folletos de suscripci\u00f3n.[\/vc_column_text][vc_empty_space height=\u00bb64px\u00bb el_class=\u00bbvc_hidden-sm vc_hidden-xs\u00bb][\/vc_column][\/vc_row][\/vc_section][vc_section el_id=\u00bbmad-galeria-fotos\u00bb el_class=\u00bbsin-padding\u00bb][vc_row full_width=\u00bbstretch_row_content\u00bb][vc_column]<div class=\"ult-content-box-container grid-galeria galeria-5\" >\t\t<div class=\"ult-content-box\" style=\"box-shadow: px px px px none;-webkit-transition: all 700ms ease;-moz-transition: all 700ms ease;-ms-transition: all 700ms ease;-o-transition: all 700ms ease;transition: all 700ms ease;\"  data-hover_box_shadow=\"none\"    >[vc_single_image image=\u00bb771&#8243; img_size=\u00bbfull\u00bb css_animation=\u00bbfadeIn\u00bb el_class=\u00bbgaleria-item\u00bb][vc_single_image image=\u00bb783&#8243; img_size=\u00bbfull\u00bb css_animation=\u00bbfadeIn\u00bb el_class=\u00bbgaleria-item\u00bb][vc_single_image image=\u00bb774&#8243; img_size=\u00bbfull\u00bb css_animation=\u00bbfadeIn\u00bb el_class=\u00bbgaleria-item\u00bb][vc_single_image image=\u00bb777&#8243; img_size=\u00bbfull\u00bb css_animation=\u00bbfadeIn\u00bb el_class=\u00bbgaleria-item\u00bb][vc_single_image image=\u00bb780&#8243; img_size=\u00bbfull\u00bb css_animation=\u00bbfadeIn\u00bb el_class=\u00bbgaleria-item\u00bb][vc_single_image image=\u00bb768&#8243; img_size=\u00bbfull\u00bb css_animation=\u00bbfadeIn\u00bb el_class=\u00bbgaleria-item\u00bb]\t\t<\/div><\/div>[\/vc_column][\/vc_row][\/vc_section][vc_section][vc_row][vc_column][vc_empty_space height=\u00bb64px\u00bb][vc_raw_html]JTVCbWFkX2luY2x1ZGVwYWdlJTIwaWQlM0QlMjIxMjI2JTIyJTVE[\/vc_raw_html][\/vc_column][\/vc_row][\/vc_section]<\/p>\n<\/div>","protected":false},"excerpt":{"rendered":"<p>[vc_section][vc_row full_width=\u00bbstretch_row_content\u00bb el_class=\u00bbsin-padding\u00bb][vc_column][vc_empty_space el_class=\u00bbvc_hidden-sm vc_hidden-xs\u00bb][vc_empty_space][vc_column_text css_animation=\u00bbfadeIn\u00bb el_class=\u00bbcat-titulo-principal\u00bb] SOMOS EXPERTAS EN [\/vc_column_text][vc_column_text css_animation=\u00bbfadeIn\u00bb] COLECCIONABLES [\/vc_column_text][\/vc_column][\/vc_row][vc_row full_width=\u00bbstretch_row\u00bb][vc_column][vc_empty_space height=\u00bb64px\u00bb el_class=\u00bbvc_hidden-sm vc_hidden-xs\u00bb][vc_column_text css_animation=\u00bbfadeIn\u00bb el_class=\u00bbcategoria-txt\u00bb]Coordinar un coleccionable requiere una buena organizaci\u00f3n y una gesti\u00f3n eficaz de los calendarios. Las entregas semanales nos obligan a trabajar de forma r\u00e1pida y met\u00f3dica, sin olvidar la calidad del producto. Antes del lanzamiento, se lleva a cabo una prueba de mercado en la que desplegamos toda nuestra creatividad de acuerdo con las directrices del cliente. Adem\u00e1s de la edici\u00f3n del producto, tambi\u00e9n dise\u00f1amos los cartones de lanzamiento y los folletos de suscripci\u00f3n.[\/vc_column_text][vc_empty_space height=\u00bb64px\u00bb el_class=\u00bbvc_hidden-sm vc_hidden-xs\u00bb][\/vc_column][\/vc_row][\/vc_section][vc_section el_id=\u00bbmad-galeria-fotos\u00bb el_class=\u00bbsin-padding\u00bb][vc_row full_width=\u00bbstretch_row_content\u00bb][vc_column][\/vc_column][\/vc_row][\/vc_section][vc_section][vc_row][vc_column][vc_empty_space height=\u00bb64px\u00bb][vc_raw_html]JTVCbWFkX2luY2x1ZGVwYWdlJTIwaWQlM0QlMjIxMjI2JTIyJTVE[\/vc_raw_html][\/vc_column][\/vc_row][\/vc_section]<\/p>\n","protected":false},"author":4,"featured_media":645,"parent":1220,"menu_order":0,"comment_status":"closed","ping_status":"closed","template":"","meta":{"footnotes":""},"class_list":["post-1229","page","type-page","status-publish","has-post-thumbnail"],"acf":[],"yoast_head":"<!-- This site is optimized with the Yoast SEO plugin v21.9.1 - https:\/\/yoast.com\/wordpress\/plugins\/seo\/ -->\n<title>Coleccionables - Somnins<\/title>\n<meta name=\"robots\" content=\"index, follow, max-snippet:-1, max-image-preview:large, max-video-preview:-1\" \/>\n<link rel=\"canonical\" href=\"https:\/\/somnins.com\/es\/que-hacemos\/coleccionables\/\" \/>\n<meta property=\"og:locale\" content=\"es_ES\" \/>\n<meta property=\"og:type\" content=\"article\" \/>\n<meta property=\"og:title\" content=\"Coleccionables - Somnins\" \/>\n<meta property=\"og:description\" content=\"[vc_section][vc_row full_width=\u00bbstretch_row_content\u00bb el_class=\u00bbsin-padding\u00bb][vc_column][vc_empty_space el_class=\u00bbvc_hidden-sm vc_hidden-xs\u00bb][vc_empty_space][vc_column_text css_animation=\u00bbfadeIn\u00bb el_class=\u00bbcat-titulo-principal\u00bb] SOMOS EXPERTAS EN [\/vc_column_text][vc_column_text css_animation=\u00bbfadeIn\u00bb] COLECCIONABLES [\/vc_column_text][\/vc_column][\/vc_row][vc_row full_width=\u00bbstretch_row\u00bb][vc_column][vc_empty_space height=\u00bb64px\u00bb el_class=\u00bbvc_hidden-sm vc_hidden-xs\u00bb][vc_column_text css_animation=\u00bbfadeIn\u00bb el_class=\u00bbcategoria-txt\u00bb]Coordinar un coleccionable requiere una buena organizaci\u00f3n y una gesti\u00f3n eficaz de los calendarios. Las entregas semanales nos obligan a trabajar de forma r\u00e1pida y met\u00f3dica, sin olvidar la calidad del producto. Antes del lanzamiento, se lleva a cabo una prueba de mercado en la que desplegamos toda nuestra creatividad de acuerdo con las directrices del cliente. Adem\u00e1s de la edici\u00f3n del producto, tambi\u00e9n dise\u00f1amos los cartones de lanzamiento y los folletos de suscripci\u00f3n.[\/vc_column_text][vc_empty_space height=\u00bb64px\u00bb el_class=\u00bbvc_hidden-sm vc_hidden-xs\u00bb][\/vc_column][\/vc_row][\/vc_section][vc_section el_id=\u00bbmad-galeria-fotos\u00bb el_class=\u00bbsin-padding\u00bb][vc_row full_width=\u00bbstretch_row_content\u00bb][vc_column][\/vc_column][\/vc_row][\/vc_section][vc_section][vc_row][vc_column][vc_empty_space height=\u00bb64px\u00bb][vc_raw_html]JTVCbWFkX2luY2x1ZGVwYWdlJTIwaWQlM0QlMjIxMjI2JTIyJTVE[\/vc_raw_html][\/vc_column][\/vc_row][\/vc_section]\" \/>\n<meta property=\"og:url\" content=\"https:\/\/somnins.com\/es\/que-hacemos\/coleccionables\/\" \/>\n<meta property=\"og:site_name\" content=\"Somnins\" \/>\n<meta property=\"article:modified_time\" content=\"2023-10-27T06:39:56+00:00\" \/>\n<meta property=\"og:image\" content=\"https:\/\/somnins.com\/wp-content\/uploads\/2023\/09\/SOMNINS0639-Collecconables-2.jpg\" \/>\n\t<meta property=\"og:image:width\" content=\"2490\" \/>\n\t<meta property=\"og:image:height\" content=\"1661\" \/>\n\t<meta property=\"og:image:type\" content=\"image\/jpeg\" \/>\n<meta name=\"twitter:card\" content=\"summary_large_image\" \/>\n<meta name=\"twitter:site\" content=\"@somnins\" \/>\n<meta name=\"twitter:label1\" content=\"Tiempo de lectura\" \/>\n\t<meta name=\"twitter:data1\" content=\"2 minutos\" \/>\n<script type=\"application\/ld+json\" class=\"yoast-schema-graph\">{\"@context\":\"https:\/\/schema.org\",\"@graph\":[{\"@type\":\"WebPage\",\"@id\":\"https:\/\/somnins.com\/es\/que-hacemos\/coleccionables\/\",\"url\":\"https:\/\/somnins.com\/es\/que-hacemos\/coleccionables\/\",\"name\":\"Coleccionables - Somnins\",\"isPartOf\":{\"@id\":\"https:\/\/somnins.com\/es\/#website\"},\"datePublished\":\"2023-09-29T09:04:36+00:00\",\"dateModified\":\"2023-10-27T06:39:56+00:00\",\"breadcrumb\":{\"@id\":\"https:\/\/somnins.com\/es\/que-hacemos\/coleccionables\/#breadcrumb\"},\"inLanguage\":\"es\",\"potentialAction\":[{\"@type\":\"ReadAction\",\"target\":[\"https:\/\/somnins.com\/es\/que-hacemos\/coleccionables\/\"]}]},{\"@type\":\"BreadcrumbList\",\"@id\":\"https:\/\/somnins.com\/es\/que-hacemos\/coleccionables\/#breadcrumb\",\"itemListElement\":[{\"@type\":\"ListItem\",\"position\":1,\"name\":\"Portada\",\"item\":\"https:\/\/somnins.com\/es\/\"},{\"@type\":\"ListItem\",\"position\":2,\"name\":\"Qu\u00e9 hacemos\",\"item\":\"https:\/\/somnins.com\/es\/que-hacemos\/\"},{\"@type\":\"ListItem\",\"position\":3,\"name\":\"Coleccionables\"}]},{\"@type\":\"WebSite\",\"@id\":\"https:\/\/somnins.com\/es\/#website\",\"url\":\"https:\/\/somnins.com\/es\/\",\"name\":\"Somnins\",\"description\":\"\",\"publisher\":{\"@id\":\"https:\/\/somnins.com\/es\/#organization\"},\"potentialAction\":[{\"@type\":\"SearchAction\",\"target\":{\"@type\":\"EntryPoint\",\"urlTemplate\":\"https:\/\/somnins.com\/es\/?s={search_term_string}\"},\"query-input\":\"required name=search_term_string\"}],\"inLanguage\":\"es\"},{\"@type\":\"Organization\",\"@id\":\"https:\/\/somnins.com\/es\/#organization\",\"name\":\"Somnins\",\"alternateName\":\"Somnins\",\"url\":\"https:\/\/somnins.com\/es\/\",\"logo\":{\"@type\":\"ImageObject\",\"inLanguage\":\"es\",\"@id\":\"https:\/\/somnins.com\/es\/#\/schema\/logo\/image\/\",\"url\":\"https:\/\/somnins.com\/wp-content\/uploads\/2023\/09\/logo-somnins.png\",\"contentUrl\":\"https:\/\/somnins.com\/wp-content\/uploads\/2023\/09\/logo-somnins.png\",\"width\":609,\"height\":317,\"caption\":\"Somnins\"},\"image\":{\"@id\":\"https:\/\/somnins.com\/es\/#\/schema\/logo\/image\/\"},\"sameAs\":[\"https:\/\/twitter.com\/somnins\",\"https:\/\/www.instagram.com\/somninsedicions\/\"]}]}<\/script>\n<!-- \/ Yoast SEO plugin. -->","yoast_head_json":{"title":"Coleccionables - Somnins","robots":{"index":"index","follow":"follow","max-snippet":"max-snippet:-1","max-image-preview":"max-image-preview:large","max-video-preview":"max-video-preview:-1"},"canonical":"https:\/\/somnins.com\/es\/que-hacemos\/coleccionables\/","og_locale":"es_ES","og_type":"article","og_title":"Coleccionables - Somnins","og_description":"[vc_section][vc_row full_width=\u00bbstretch_row_content\u00bb el_class=\u00bbsin-padding\u00bb][vc_column][vc_empty_space el_class=\u00bbvc_hidden-sm vc_hidden-xs\u00bb][vc_empty_space][vc_column_text css_animation=\u00bbfadeIn\u00bb el_class=\u00bbcat-titulo-principal\u00bb] SOMOS EXPERTAS EN [\/vc_column_text][vc_column_text css_animation=\u00bbfadeIn\u00bb] COLECCIONABLES [\/vc_column_text][\/vc_column][\/vc_row][vc_row full_width=\u00bbstretch_row\u00bb][vc_column][vc_empty_space height=\u00bb64px\u00bb el_class=\u00bbvc_hidden-sm vc_hidden-xs\u00bb][vc_column_text css_animation=\u00bbfadeIn\u00bb el_class=\u00bbcategoria-txt\u00bb]Coordinar un coleccionable requiere una buena organizaci\u00f3n y una gesti\u00f3n eficaz de los calendarios. Las entregas semanales nos obligan a trabajar de forma r\u00e1pida y met\u00f3dica, sin olvidar la calidad del producto. Antes del lanzamiento, se lleva a cabo una prueba de mercado en la que desplegamos toda nuestra creatividad de acuerdo con las directrices del cliente. Adem\u00e1s de la edici\u00f3n del producto, tambi\u00e9n dise\u00f1amos los cartones de lanzamiento y los folletos de suscripci\u00f3n.[\/vc_column_text][vc_empty_space height=\u00bb64px\u00bb el_class=\u00bbvc_hidden-sm vc_hidden-xs\u00bb][\/vc_column][\/vc_row][\/vc_section][vc_section el_id=\u00bbmad-galeria-fotos\u00bb el_class=\u00bbsin-padding\u00bb][vc_row full_width=\u00bbstretch_row_content\u00bb][vc_column][\/vc_column][\/vc_row][\/vc_section][vc_section][vc_row][vc_column][vc_empty_space height=\u00bb64px\u00bb][vc_raw_html]JTVCbWFkX2luY2x1ZGVwYWdlJTIwaWQlM0QlMjIxMjI2JTIyJTVE[\/vc_raw_html][\/vc_column][\/vc_row][\/vc_section]","og_url":"https:\/\/somnins.com\/es\/que-hacemos\/coleccionables\/","og_site_name":"Somnins","article_modified_time":"2023-10-27T06:39:56+00:00","og_image":[{"width":2490,"height":1661,"url":"https:\/\/somnins.com\/wp-content\/uploads\/2023\/09\/SOMNINS0639-Collecconables-2.jpg","type":"image\/jpeg"}],"twitter_card":"summary_large_image","twitter_site":"@somnins","twitter_misc":{"Tiempo de lectura":"2 minutos"},"schema":{"@context":"https:\/\/schema.org","@graph":[{"@type":"WebPage","@id":"https:\/\/somnins.com\/es\/que-hacemos\/coleccionables\/","url":"https:\/\/somnins.com\/es\/que-hacemos\/coleccionables\/","name":"Coleccionables - Somnins","isPartOf":{"@id":"https:\/\/somnins.com\/es\/#website"},"datePublished":"2023-09-29T09:04:36+00:00","dateModified":"2023-10-27T06:39:56+00:00","breadcrumb":{"@id":"https:\/\/somnins.com\/es\/que-hacemos\/coleccionables\/#breadcrumb"},"inLanguage":"es","potentialAction":[{"@type":"ReadAction","target":["https:\/\/somnins.com\/es\/que-hacemos\/coleccionables\/"]}]},{"@type":"BreadcrumbList","@id":"https:\/\/somnins.com\/es\/que-hacemos\/coleccionables\/#breadcrumb","itemListElement":[{"@type":"ListItem","position":1,"name":"Portada","item":"https:\/\/somnins.com\/es\/"},{"@type":"ListItem","position":2,"name":"Qu\u00e9 hacemos","item":"https:\/\/somnins.com\/es\/que-hacemos\/"},{"@type":"ListItem","position":3,"name":"Coleccionables"}]},{"@type":"WebSite","@id":"https:\/\/somnins.com\/es\/#website","url":"https:\/\/somnins.com\/es\/","name":"Somnins","description":"","publisher":{"@id":"https:\/\/somnins.com\/es\/#organization"},"potentialAction":[{"@type":"SearchAction","target":{"@type":"EntryPoint","urlTemplate":"https:\/\/somnins.com\/es\/?s={search_term_string}"},"query-input":"required name=search_term_string"}],"inLanguage":"es"},{"@type":"Organization","@id":"https:\/\/somnins.com\/es\/#organization","name":"Somnins","alternateName":"Somnins","url":"https:\/\/somnins.com\/es\/","logo":{"@type":"ImageObject","inLanguage":"es","@id":"https:\/\/somnins.com\/es\/#\/schema\/logo\/image\/","url":"https:\/\/somnins.com\/wp-content\/uploads\/2023\/09\/logo-somnins.png","contentUrl":"https:\/\/somnins.com\/wp-content\/uploads\/2023\/09\/logo-somnins.png","width":609,"height":317,"caption":"Somnins"},"image":{"@id":"https:\/\/somnins.com\/es\/#\/schema\/logo\/image\/"},"sameAs":["https:\/\/twitter.com\/somnins","https:\/\/www.instagram.com\/somninsedicions\/"]}]}},"_links":{"self":[{"href":"https:\/\/somnins.com\/es\/wp-json\/wp\/v2\/pages\/1229","targetHints":{"allow":["GET"]}}],"collection":[{"href":"https:\/\/somnins.com\/es\/wp-json\/wp\/v2\/pages"}],"about":[{"href":"https:\/\/somnins.com\/es\/wp-json\/wp\/v2\/types\/page"}],"author":[{"embeddable":true,"href":"https:\/\/somnins.com\/es\/wp-json\/wp\/v2\/users\/4"}],"replies":[{"embeddable":true,"href":"https:\/\/somnins.com\/es\/wp-json\/wp\/v2\/comments?post=1229"}],"version-history":[{"count":3,"href":"https:\/\/somnins.com\/es\/wp-json\/wp\/v2\/pages\/1229\/revisions"}],"predecessor-version":[{"id":1656,"href":"https:\/\/somnins.com\/es\/wp-json\/wp\/v2\/pages\/1229\/revisions\/1656"}],"up":[{"embeddable":true,"href":"https:\/\/somnins.com\/es\/wp-json\/wp\/v2\/pages\/1220"}],"wp:featuredmedia":[{"embeddable":true,"href":"https:\/\/somnins.com\/es\/wp-json\/wp\/v2\/media\/645"}],"wp:attachment":[{"href":"https:\/\/somnins.com\/es\/wp-json\/wp\/v2\/media?parent=1229"}],"curies":[{"name":"wp","href":"https:\/\/api.w.org\/{rel}","templated":true}]}}