{"id":1220,"date":"2023-09-28T11:32:30","date_gmt":"2023-09-28T10:32:30","guid":{"rendered":"https:\/\/app81.dev.madsys.com\/somnins\/que-fem\/"},"modified":"2023-12-19T13:56:13","modified_gmt":"2023-12-19T12:56:13","slug":"que-hacemos","status":"publish","type":"page","link":"https:\/\/somnins.com\/es\/que-hacemos\/","title":{"rendered":"Qu\u00e9 hacemos"},"content":{"rendered":"<div class=\"wpb-content-wrapper\"><p>[vc_section][vc_row full_width=\u00bbstretch_row_content\u00bb][vc_column el_class=\u00bbcol-pad-0&#8243;][vc_single_image image=\u00bb549&#8243; img_size=\u00bbfull\u00bb css_animation=\u00bbfadeIn\u00bb el_class=\u00bbimg-portada\u00bb][\/vc_column][\/vc_row][vc_row full_width=\u00bbstretch_row\u00bb][vc_column][vc_empty_space height=\u00bb64px\u00bb][vc_column_text css_animation=\u00bbfadeIn\u00bb]<\/p>\n<h3 style=\"text-align: center;\"><strong>Creatividad en todos los formatos<br \/>\n<\/strong><\/h3>\n<p>[\/vc_column_text][vc_column_text css_animation=\u00bbfadeIn\u00bb el_class=\u00bbmad-justify\u00bb]Editamos tus proyectos con creatividad e innovaci\u00f3n. Trabajamos con diferentes formatos para adaptarnos a tus ideas.<\/p>\n<p>Nos encargamos de todo el proceso de edici\u00f3n: coordinaci\u00f3n, redacci\u00f3n de textos, ilustraci\u00f3n, fotograf\u00eda, correcci\u00f3n, dise\u00f1o, maquetaci\u00f3n, preparaci\u00f3n de las artes finales y fabricamos tus libros con la garant\u00eda de calidad que marca la Uni\u00f3n Europea. Si lo prefieres, tambi\u00e9n te los entregamos en tu almac\u00e9n.<\/p>\n<p>Somos especialistas en la creaci\u00f3n de contenidos para ni\u00f1os y j\u00f3venes, pero tambi\u00e9n editamos para el p\u00fablico adulto: libros de cocina, de manualidades, de ensayo y cat\u00e1logos.<\/p>\n<p>Colaboramos con editoriales, empresas privadas y empresas p\u00fablicas.<\/p>\n<p>Si tienes una idea, expl\u00edcanosla y la convertiremos en el proyecto que quieres hacer realidad.[\/vc_column_text][vc_empty_space][vc_empty_space el_class=\u00bbvc_hidden-sm vc_hidden-xs\u00bb][\/vc_column][\/vc_row][\/vc_section][vc_section][vc_row][vc_column][vc_raw_html]JTVCbWFkX2luY2x1ZGVwYWdlJTIwaWQlM0QlMjIxMjI2JTIyJTVE[\/vc_raw_html][vc_empty_space height=\u00bb64px\u00bb][\/vc_column][\/vc_row][\/vc_section]<\/p>\n<\/div>","protected":false},"excerpt":{"rendered":"<p>[vc_section][vc_row full_width=\u00bbstretch_row_content\u00bb][vc_column el_class=\u00bbcol-pad-0&#8243;][vc_single_image image=\u00bb549&#8243; img_size=\u00bbfull\u00bb css_animation=\u00bbfadeIn\u00bb el_class=\u00bbimg-portada\u00bb][\/vc_column][\/vc_row][vc_row full_width=\u00bbstretch_row\u00bb][vc_column][vc_empty_space height=\u00bb64px\u00bb][vc_column_text css_animation=\u00bbfadeIn\u00bb] Creatividad en todos los formatos [\/vc_column_text][vc_column_text css_animation=\u00bbfadeIn\u00bb el_class=\u00bbmad-justify\u00bb]Editamos tus proyectos con creatividad e innovaci\u00f3n. Trabajamos con diferentes formatos para adaptarnos a tus ideas. Nos encargamos de todo el proceso de edici\u00f3n: coordinaci\u00f3n, redacci\u00f3n de textos, ilustraci\u00f3n, fotograf\u00eda, correcci\u00f3n, dise\u00f1o, maquetaci\u00f3n, preparaci\u00f3n de las artes finales y fabricamos tus libros con la garant\u00eda de calidad que marca la Uni\u00f3n Europea. Si lo prefieres, tambi\u00e9n te los entregamos en tu almac\u00e9n. Somos especialistas en la creaci\u00f3n de contenidos para ni\u00f1os y j\u00f3venes, pero tambi\u00e9n editamos para el p\u00fablico adulto: libros de cocina, &#8230; <a title=\"Qu\u00e9 hacemos\" class=\"read-more\" href=\"https:\/\/somnins.com\/es\/que-hacemos\/\" aria-label=\"Leer m\u00e1s sobre Qu\u00e9 hacemos\">Leer m\u00e1s<\/a><\/p>\n","protected":false},"author":4,"featured_media":0,"parent":0,"menu_order":0,"comment_status":"closed","ping_status":"closed","template":"","meta":{"footnotes":""},"class_list":["post-1220","page","type-page","status-publish"],"acf":[],"yoast_head":"<!-- This site is optimized with the Yoast SEO plugin v21.9.1 - https:\/\/yoast.com\/wordpress\/plugins\/seo\/ -->\n<title>Qu\u00e9 hacemos - Somnins<\/title>\n<meta name=\"description\" content=\"Editamos tus proyectos con creatividad e innovaci\u00f3n. Trabajamos con diferentes formatos para adaptarnos a tus ideas. Creamos y editamos para ti.\" \/>\n<meta name=\"robots\" content=\"index, follow, max-snippet:-1, max-image-preview:large, max-video-preview:-1\" \/>\n<link rel=\"canonical\" href=\"https:\/\/somnins.com\/es\/que-hacemos\/\" \/>\n<meta property=\"og:locale\" content=\"es_ES\" \/>\n<meta property=\"og:type\" content=\"article\" \/>\n<meta property=\"og:title\" content=\"Qu\u00e9 hacemos - Somnins\" \/>\n<meta property=\"og:description\" content=\"Editamos tus proyectos con creatividad e innovaci\u00f3n. Trabajamos con diferentes formatos para adaptarnos a tus ideas. Creamos y editamos para ti.\" \/>\n<meta property=\"og:url\" content=\"https:\/\/somnins.com\/es\/que-hacemos\/\" \/>\n<meta property=\"og:site_name\" content=\"Somnins\" \/>\n<meta property=\"article:modified_time\" content=\"2023-12-19T12:56:13+00:00\" \/>\n<meta property=\"og:image\" content=\"https:\/\/somnins.com\/wp-content\/uploads\/2023\/09\/logo-somnins.png\" \/>\n\t<meta property=\"og:image:width\" content=\"609\" \/>\n\t<meta property=\"og:image:height\" content=\"317\" \/>\n\t<meta property=\"og:image:type\" content=\"image\/png\" \/>\n<meta name=\"twitter:card\" content=\"summary_large_image\" \/>\n<meta name=\"twitter:site\" content=\"@somnins\" \/>\n<meta name=\"twitter:label1\" content=\"Tiempo de lectura\" \/>\n\t<meta name=\"twitter:data1\" content=\"1 minuto\" \/>\n<script type=\"application\/ld+json\" class=\"yoast-schema-graph\">{\"@context\":\"https:\/\/schema.org\",\"@graph\":[{\"@type\":\"WebPage\",\"@id\":\"https:\/\/somnins.com\/es\/que-hacemos\/\",\"url\":\"https:\/\/somnins.com\/es\/que-hacemos\/\",\"name\":\"Qu\u00e9 hacemos - Somnins\",\"isPartOf\":{\"@id\":\"https:\/\/somnins.com\/es\/#website\"},\"datePublished\":\"2023-09-28T10:32:30+00:00\",\"dateModified\":\"2023-12-19T12:56:13+00:00\",\"description\":\"Editamos tus proyectos con creatividad e innovaci\u00f3n. Trabajamos con diferentes formatos para adaptarnos a tus ideas. Creamos y editamos para ti.\",\"breadcrumb\":{\"@id\":\"https:\/\/somnins.com\/es\/que-hacemos\/#breadcrumb\"},\"inLanguage\":\"es\",\"potentialAction\":[{\"@type\":\"ReadAction\",\"target\":[\"https:\/\/somnins.com\/es\/que-hacemos\/\"]}]},{\"@type\":\"BreadcrumbList\",\"@id\":\"https:\/\/somnins.com\/es\/que-hacemos\/#breadcrumb\",\"itemListElement\":[{\"@type\":\"ListItem\",\"position\":1,\"name\":\"Portada\",\"item\":\"https:\/\/somnins.com\/es\/\"},{\"@type\":\"ListItem\",\"position\":2,\"name\":\"Qu\u00e9 hacemos\"}]},{\"@type\":\"WebSite\",\"@id\":\"https:\/\/somnins.com\/es\/#website\",\"url\":\"https:\/\/somnins.com\/es\/\",\"name\":\"Somnins\",\"description\":\"\",\"publisher\":{\"@id\":\"https:\/\/somnins.com\/es\/#organization\"},\"potentialAction\":[{\"@type\":\"SearchAction\",\"target\":{\"@type\":\"EntryPoint\",\"urlTemplate\":\"https:\/\/somnins.com\/es\/?s={search_term_string}\"},\"query-input\":\"required name=search_term_string\"}],\"inLanguage\":\"es\"},{\"@type\":\"Organization\",\"@id\":\"https:\/\/somnins.com\/es\/#organization\",\"name\":\"Somnins\",\"alternateName\":\"Somnins\",\"url\":\"https:\/\/somnins.com\/es\/\",\"logo\":{\"@type\":\"ImageObject\",\"inLanguage\":\"es\",\"@id\":\"https:\/\/somnins.com\/es\/#\/schema\/logo\/image\/\",\"url\":\"https:\/\/somnins.com\/wp-content\/uploads\/2023\/09\/logo-somnins.png\",\"contentUrl\":\"https:\/\/somnins.com\/wp-content\/uploads\/2023\/09\/logo-somnins.png\",\"width\":609,\"height\":317,\"caption\":\"Somnins\"},\"image\":{\"@id\":\"https:\/\/somnins.com\/es\/#\/schema\/logo\/image\/\"},\"sameAs\":[\"https:\/\/twitter.com\/somnins\",\"https:\/\/www.instagram.com\/somninsedicions\/\"]}]}<\/script>\n<!-- \/ Yoast SEO plugin. -->","yoast_head_json":{"title":"Qu\u00e9 hacemos - Somnins","description":"Editamos tus proyectos con creatividad e innovaci\u00f3n. Trabajamos con diferentes formatos para adaptarnos a tus ideas. Creamos y editamos para ti.","robots":{"index":"index","follow":"follow","max-snippet":"max-snippet:-1","max-image-preview":"max-image-preview:large","max-video-preview":"max-video-preview:-1"},"canonical":"https:\/\/somnins.com\/es\/que-hacemos\/","og_locale":"es_ES","og_type":"article","og_title":"Qu\u00e9 hacemos - Somnins","og_description":"Editamos tus proyectos con creatividad e innovaci\u00f3n. Trabajamos con diferentes formatos para adaptarnos a tus ideas. Creamos y editamos para ti.","og_url":"https:\/\/somnins.com\/es\/que-hacemos\/","og_site_name":"Somnins","article_modified_time":"2023-12-19T12:56:13+00:00","og_image":[{"width":609,"height":317,"url":"https:\/\/somnins.com\/wp-content\/uploads\/2023\/09\/logo-somnins.png","type":"image\/png"}],"twitter_card":"summary_large_image","twitter_site":"@somnins","twitter_misc":{"Tiempo de lectura":"1 minuto"},"schema":{"@context":"https:\/\/schema.org","@graph":[{"@type":"WebPage","@id":"https:\/\/somnins.com\/es\/que-hacemos\/","url":"https:\/\/somnins.com\/es\/que-hacemos\/","name":"Qu\u00e9 hacemos - Somnins","isPartOf":{"@id":"https:\/\/somnins.com\/es\/#website"},"datePublished":"2023-09-28T10:32:30+00:00","dateModified":"2023-12-19T12:56:13+00:00","description":"Editamos tus proyectos con creatividad e innovaci\u00f3n. Trabajamos con diferentes formatos para adaptarnos a tus ideas. Creamos y editamos para ti.","breadcrumb":{"@id":"https:\/\/somnins.com\/es\/que-hacemos\/#breadcrumb"},"inLanguage":"es","potentialAction":[{"@type":"ReadAction","target":["https:\/\/somnins.com\/es\/que-hacemos\/"]}]},{"@type":"BreadcrumbList","@id":"https:\/\/somnins.com\/es\/que-hacemos\/#breadcrumb","itemListElement":[{"@type":"ListItem","position":1,"name":"Portada","item":"https:\/\/somnins.com\/es\/"},{"@type":"ListItem","position":2,"name":"Qu\u00e9 hacemos"}]},{"@type":"WebSite","@id":"https:\/\/somnins.com\/es\/#website","url":"https:\/\/somnins.com\/es\/","name":"Somnins","description":"","publisher":{"@id":"https:\/\/somnins.com\/es\/#organization"},"potentialAction":[{"@type":"SearchAction","target":{"@type":"EntryPoint","urlTemplate":"https:\/\/somnins.com\/es\/?s={search_term_string}"},"query-input":"required name=search_term_string"}],"inLanguage":"es"},{"@type":"Organization","@id":"https:\/\/somnins.com\/es\/#organization","name":"Somnins","alternateName":"Somnins","url":"https:\/\/somnins.com\/es\/","logo":{"@type":"ImageObject","inLanguage":"es","@id":"https:\/\/somnins.com\/es\/#\/schema\/logo\/image\/","url":"https:\/\/somnins.com\/wp-content\/uploads\/2023\/09\/logo-somnins.png","contentUrl":"https:\/\/somnins.com\/wp-content\/uploads\/2023\/09\/logo-somnins.png","width":609,"height":317,"caption":"Somnins"},"image":{"@id":"https:\/\/somnins.com\/es\/#\/schema\/logo\/image\/"},"sameAs":["https:\/\/twitter.com\/somnins","https:\/\/www.instagram.com\/somninsedicions\/"]}]}},"_links":{"self":[{"href":"https:\/\/somnins.com\/es\/wp-json\/wp\/v2\/pages\/1220","targetHints":{"allow":["GET"]}}],"collection":[{"href":"https:\/\/somnins.com\/es\/wp-json\/wp\/v2\/pages"}],"about":[{"href":"https:\/\/somnins.com\/es\/wp-json\/wp\/v2\/types\/page"}],"author":[{"embeddable":true,"href":"https:\/\/somnins.com\/es\/wp-json\/wp\/v2\/users\/4"}],"replies":[{"embeddable":true,"href":"https:\/\/somnins.com\/es\/wp-json\/wp\/v2\/comments?post=1220"}],"version-history":[{"count":8,"href":"https:\/\/somnins.com\/es\/wp-json\/wp\/v2\/pages\/1220\/revisions"}],"predecessor-version":[{"id":1825,"href":"https:\/\/somnins.com\/es\/wp-json\/wp\/v2\/pages\/1220\/revisions\/1825"}],"wp:attachment":[{"href":"https:\/\/somnins.com\/es\/wp-json\/wp\/v2\/media?parent=1220"}],"curies":[{"name":"wp","href":"https:\/\/api.w.org\/{rel}","templated":true}]}}